{"id":1182,"date":"2026-03-16T10:41:24","date_gmt":"2026-03-16T09:41:24","guid":{"rendered":"https:\/\/scadra-group.fr\/unsolicited-application\/"},"modified":"2026-03-18T17:24:51","modified_gmt":"2026-03-18T16:24:51","slug":"unsolicited-application","status":"publish","type":"page","link":"https:\/\/scadra-group.fr\/en\/unsolicited-application\/","title":{"rendered":"Unsolicited application"},"content":{"rendered":"\t\t<div data-elementor-type=\"wp-page\" data-elementor-id=\"1182\" class=\"elementor elementor-1182 elementor-1155\" data-elementor-post-type=\"page\">\n\t\t\t\t<div class=\"elementor-element elementor-element-753aaf7 e-flex e-con-boxed e-con e-parent\" data-id=\"753aaf7\" data-element_type=\"container\" data-e-type=\"container\" data-settings=\"{&quot;background_background&quot;:&quot;classic&quot;}\">\n\t\t\t\t\t<div class=\"e-con-inner\">\n\t\t<div class=\"elementor-element elementor-element-c329364 e-con-full e-flex e-con e-child\" data-id=\"c329364\" data-element_type=\"container\" data-e-type=\"container\">\n\t\t\t\t<div class=\"elementor-element elementor-element-3f9853e elementor-widget elementor-widget-wpforms\" data-id=\"3f9853e\" data-element_type=\"widget\" data-e-type=\"widget\" data-widget_type=\"wpforms.default\">\n\t\t\t\t<div class=\"elementor-widget-container\">\n\t\t\t\t\t<style id=\"wpforms-css-vars-elementor-widget-3f9853e\">\n\t\t\t\t.elementor-widget-wpforms.elementor-element-3f9853e {\n\t\t\t\t--wpforms-field-border-radius: 4px;\n--wpforms-field-background-color: #FFFFFF;\n--wpforms-label-color: #ffffff;\n--wpforms-label-sublabel-color: #F1D8E3;\n--wpforms-button-border-radius: 8px;\n--wpforms-button-background-color: #141327;\n--wpforms-container-padding: 64px;\n--wpforms-container-border-radius: 24px;\n--wpforms-background-color: #811140;\n--wpforms-field-border-style: none;\n--wpforms-field-text-color: #141327;\n--wpforms-field-border-size: 0px;\n\t\t\t}\n\t\t\t<\/style><div class=\"wpforms-container wpforms-container-full wpforms-render-modern\" id=\"wpforms-1159\"><form id=\"wpforms-form-1159\" class=\"wpforms-validate wpforms-form wpforms-ajax-form\" data-formid=\"1159\" method=\"post\" enctype=\"multipart\/form-data\" action=\"\/en\/wp-json\/wp\/v2\/pages\/1182?wpforms_form_id=1159\" data-token=\"9c696c6c8a2dc827868178daf4399a63\" data-token-time=\"1778675892\"><noscript class=\"wpforms-error-noscript\">Please enable JavaScript in your browser to complete this form.<\/noscript><div id=\"wpforms-error-noscript\" style=\"display: none;\">Please enable JavaScript in your browser to complete this form.<\/div><div class=\"wpforms-field-container\"><div id=\"wpforms-1159-field_1-container\" class=\"wpforms-field wpforms-field-layout\" data-field-id=\"1\"><div class=\"wpforms-field-layout-rows wpforms-field-large\"><div class=\"wpforms-layout-row\"><div class=\"wpforms-layout-column wpforms-layout-column-50\"><div id=\"wpforms-1159-field_2-container\" class=\"wpforms-field wpforms-field-name\" data-field-id=\"2\"><label class=\"wpforms-field-label\" for=\"wpforms-1159-field_2\">Name <span class=\"wpforms-required-label\" aria-hidden=\"true\">*<\/span><\/label><input type=\"text\" id=\"wpforms-1159-field_2\" class=\"wpforms-field-medium wpforms-field-required\" name=\"wpforms[fields][2]\" placeholder=\"MARTIN\" aria-errormessage=\"wpforms-1159-field_2-error\" required><\/div><\/div><div class=\"wpforms-layout-column wpforms-layout-column-50\"><div id=\"wpforms-1159-field_3-container\" class=\"wpforms-field wpforms-field-name\" data-field-id=\"3\"><label class=\"wpforms-field-label\" for=\"wpforms-1159-field_3\">First name <span class=\"wpforms-required-label\" aria-hidden=\"true\">*<\/span><\/label><input type=\"text\" id=\"wpforms-1159-field_3\" class=\"wpforms-field-medium wpforms-field-required\" name=\"wpforms[fields][3]\" placeholder=\"Sophie\" aria-errormessage=\"wpforms-1159-field_3-error\" required><\/div><\/div><\/div><div class=\"wpforms-layout-row\"><div class=\"wpforms-layout-column wpforms-layout-column-50\"><div id=\"wpforms-1159-field_4-container\" class=\"wpforms-field wpforms-field-email\" data-field-id=\"4\"><label class=\"wpforms-field-label\" for=\"wpforms-1159-field_4\">E-mail <span class=\"wpforms-required-label\" aria-hidden=\"true\">*<\/span><\/label><input type=\"email\" id=\"wpforms-1159-field_4\" class=\"wpforms-field-medium wpforms-field-required\" name=\"wpforms[fields][4]\" placeholder=\"s.martin@email.com\" spellcheck=\"false\" aria-errormessage=\"wpforms-1159-field_4-error\" required><\/div><\/div><div class=\"wpforms-layout-column wpforms-layout-column-50\"><div id=\"wpforms-1159-field_5-container\" class=\"wpforms-field wpforms-field-phone\" data-field-id=\"5\"><label class=\"wpforms-field-label\" for=\"wpforms-1159-field_5\">Phone<\/label><input type=\"tel\" id=\"wpforms-1159-field_5\" class=\"wpforms-field-medium wpforms-smart-phone-field\" data-rule-smart-phone-field=\"true\" name=\"wpforms[fields][5]\" placeholder=\"06xxxxxxxx99\" aria-label=\"Phone\" aria-errormessage=\"wpforms-1159-field_5-error\" ><\/div><\/div><\/div><div class=\"wpforms-layout-row\"><div class=\"wpforms-layout-column wpforms-layout-column-50\"><div id=\"wpforms-1159-field_6-container\" class=\"wpforms-field wpforms-field-text\" data-field-id=\"6\"><label class=\"wpforms-field-label\" for=\"wpforms-1159-field_6\">What position are you looking for?  <\/label><input type=\"text\" id=\"wpforms-1159-field_6\" class=\"wpforms-field-medium\" name=\"wpforms[fields][6]\" placeholder=\"Graphic designer, Sign fitter, Account manager...\" aria-errormessage=\"wpforms-1159-field_6-error\" ><\/div><\/div><div class=\"wpforms-layout-column wpforms-layout-column-50\"><div id=\"wpforms-1159-field_9-container\" class=\"wpforms-field wpforms-field-select wpforms-field-select-style-classic\" data-field-id=\"9\"><label class=\"wpforms-field-label\" for=\"wpforms-1159-field_9\">Which company would you like to apply for?  <\/label><select id=\"wpforms-1159-field_9\" class=\"wpforms-field-medium\" name=\"wpforms[fields][9]\"><option value=\"SELLS - Outsourced sales force\"  class=\"choice-1 depth-1\"  >SELLS - Outsourced sales force<\/option><option value=\"JTNH - Industrial M&amp;A : Disposal\"  class=\"choice-2 depth-1\"  >JTNH - Industrial M&amp;A : Disposal<\/option><option value=\"ACOM - Industrial M&amp;A : Acquisition\"  class=\"choice-3 depth-1\"  >ACOM - Industrial M&amp;A : Acquisition<\/option><option value=\"DIDIER SIGNAL\u00c9TIC\"  class=\"choice-4 depth-1\"  >DIDIER SIGNAL\u00c9TIC<\/option><\/select><\/div><\/div><\/div><div class=\"wpforms-layout-row\"><div class=\"wpforms-layout-column wpforms-layout-column-50\"><div id=\"wpforms-1159-field_8-container\" class=\"wpforms-field wpforms-field-select wpforms-field-select-style-classic\" data-field-id=\"8\"><label class=\"wpforms-field-label\" for=\"wpforms-1159-field_8\">What type of contract are you looking for?<\/label><select id=\"wpforms-1159-field_8\" class=\"wpforms-field-medium\" name=\"wpforms[fields][8]\"><option value=\"CDI\"  class=\"choice-1 depth-1\"  >CDI<\/option><option value=\"CDD\"  class=\"choice-2 depth-1\"  >CDD<\/option><option value=\"Work-study \/ Apprenticeship\"  class=\"choice-3 depth-1\"  >Work-study \/ Apprenticeship<\/option><option value=\"Other\"  class=\"choice-4 depth-1\"  >Other<\/option><\/select><\/div><\/div><div class=\"wpforms-layout-column wpforms-layout-column-50\"><div id=\"wpforms-1159-field_7-container\" class=\"wpforms-field wpforms-field-date-time\" data-field-id=\"7\"><label class=\"wpforms-field-label\" for=\"wpforms-1159-field_7\">When are you available?  <\/label><div class=\"wpforms-datepicker-wrap\"><input type=\"text\" id=\"wpforms-1159-field_7\" class=\"wpforms-field-date-time-date wpforms-datepicker wpforms-field-medium\" data-date-format=\"d\/m\/Y\" data-disable-past-dates=\"0\" data-input=\"true\" name=\"wpforms[fields][7][date]\" aria-errormessage=\"wpforms-1159-field_7-error\" ><a title=\"Clear Date\" data-clear role=\"button\" tabindex=\"0\" class=\"wpforms-datepicker-clear\" aria-label=\"Clear Date\" style=\"display:none;\"><\/a><\/div><\/div><\/div><\/div><\/div><\/div><div id=\"wpforms-1159-field_10-container\" class=\"wpforms-field wpforms-field-textarea\" data-field-id=\"10\"><label class=\"wpforms-field-label\" for=\"wpforms-1159-field_10\">Your profile in a nutshell<\/label><textarea id=\"wpforms-1159-field_10\" class=\"wpforms-field-medium\" name=\"wpforms[fields][10]\" placeholder=\"Career path, key skills, motivations... Introduce yourself in a few lines.\" aria-errormessage=\"wpforms-1159-field_10-error\" ><\/textarea><\/div><div id=\"wpforms-1159-field_12-container\" class=\"wpforms-field wpforms-field-content wpforms-field-label\" data-field-id=\"12\"><div id=\"wpforms-1159-field_12\" class=\"wpforms-field-medium wpforms-field-row\" aria-errormessage=\"wpforms-1159-field_12-error\"><p>Share your CV,<br \/>\n, cover letter, portfolio...<\/p>\n<div class=\"wpforms-field-content-display-frontend-clear\"><\/div><\/div><\/div>\t\t<div id=\"wpforms-1159-field_13-container\"\n\t\t\tclass=\"wpforms-field wpforms-field-text\"\n\t\t\tdata-field-type=\"text\"\n\t\t\tdata-field-id=\"13\"\n\t\t\t>\n\t\t\t<label class=\"wpforms-field-label\" for=\"wpforms-1159-field_13\" >layout E-mail <\/label>\n\t\t\t<input type=\"text\" id=\"wpforms-1159-field_13\" class=\"wpforms-field-medium\" name=\"wpforms[fields][13]\" >\n\t\t<\/div>\n\t\t<div id=\"wpforms-1159-field_11-container\" class=\"wpforms-field wpforms-field-file-upload\" data-field-id=\"11\"><label class=\"wpforms-field-label wpforms-label-hide\" for=\"wpforms-1159-field_11\" aria-hidden=\"false\">File upload<\/label><div\n\t\tclass=\"wpforms-uploader \"\n\t\tdata-field-id=\"11\"\n\t\tdata-form-id=\"1159\"\n\t\tdata-input-name=\"wpforms_1159_11\"\n\t\tdata-extensions=\"pdf,doc,docx,jpg,jpeg,png,zip\"\n\t\tdata-max-size=\"5242880\"\n\t\tdata-max-file-number=\"5\"\n\t\tdata-post-max-size=\"536870912\"\n\t\tdata-max-parallel-uploads=\"4\"\n\t\tdata-parallel-uploads=\"true\"\n\t\tdata-file-chunk-size=\"2097152\">\n\t<div class=\"dz-message\">\n\t\t<svg  viewBox=\"0 0 640 640\" focusable=\"false\" data-icon=\"inbox\" width=\"50px\" height=\"50px\" fill=\"currentColor\" aria-hidden=\"true\">\n\t\t\t<path d=\"M352 173.3L352 384C352 401.7 337.7 416 320 416C302.3 416 288 401.7 288 384L288 173.3L246.6 214.7C234.1 227.2 213.8 227.2 201.3 214.7C188.8 202.2 188.8 181.9 201.3 169.4L297.3 73.4C309.8 60.9 330.1 60.9 342.6 73.4L438.6 169.4C451.1 181.9 451.1 202.2 438.6 214.7C426.1 227.2 405.8 227.2 393.3 214.7L352 173.3zM320 464C364.2 464 400 428.2 400 384L480 384C515.3 384 544 412.7 544 448L544 480C544 515.3 515.3 544 480 544L160 544C124.7 544 96 515.3 96 480L96 448C96 412.7 124.7 384 160 384L240 384C240 428.2 275.8 464 320 464zM464 488C477.3 488 488 477.3 488 464C488 450.7 477.3 440 464 440C450.7 440 440 450.7 440 464C440 477.3 450.7 488 464 488z\"\/>\n\t\t<\/svg>\n\n\t\t<span class=\"modern-title\">\n\t\t\t\t\t\t\tDrag &amp; Drop Files, \t\t\t\t<span>Choose Files to Upload<\/span>\n\t\t\t\t\t<\/span>\n\n\t\t\t\t\t<span class=\"modern-hint\">You can upload up to 5 files.<\/span>\n\t\t\t<\/div>\n<\/div>\n\n<input\n\t\ttype=\"text\"\n\t\tautocomplete=\"off\"\n\t\treadonly\n\t\tclass=\"dropzone-input\"\n\t\tstyle=\"position:absolute!important;clip:rect(0,0,0,0)!important;height:1px!important;width:1px!important;border:0!important;overflow:hidden!important;padding:0!important;margin:0!important;\"\n\t\tid=\"wpforms-1159-field_11\"\n\t\tname=\"wpforms_1159_11\" \t\tvalue=\"\">\n<div id=\"wpforms-1159-field_11-description\" class=\"wpforms-field-description\">File extensions accepted: .pdf .doc .docx .jpg .png .zip \/ Maximum size per file: 5MB<\/div><\/div><script>\n\t\t\t\t( function() {\n\t\t\t\t\tconst style = document.createElement( 'style' );\n\t\t\t\t\tstyle.appendChild( document.createTextNode( '#wpforms-1159-field_13-container { position: absolute !important; overflow: hidden !important; display: inline !important; height: 1px !important; width: 1px !important; z-index: -1000 !important; padding: 0 !important; } #wpforms-1159-field_13-container input { visibility: hidden; } #wpforms-conversational-form-page #wpforms-1159-field_13-container label { counter-increment: none; }' ) );\n\t\t\t\t\tdocument.head.appendChild( style );\n\t\t\t\t\tdocument.currentScript?.remove();\n\t\t\t\t} )();\n\t\t\t<\/script><\/div><!-- .wpforms-field-container --><div class=\"wpforms-submit-container\" ><input type=\"hidden\" name=\"wpforms[id]\" value=\"1159\"><input type=\"hidden\" name=\"page_title\" value=\"\"><input type=\"hidden\" name=\"page_url\" value=\"https:\/\/scadra-group.fr\/en\/wp-json\/wp\/v2\/pages\/1182\"><input type=\"hidden\" name=\"url_referer\" value=\"\"><button type=\"submit\" name=\"wpforms[submit]\" id=\"wpforms-submit-1159\" class=\"wpforms-submit\" data-alt-text=\"Send...\" data-submit-text=\"Send\" aria-live=\"assertive\" value=\"wpforms-submit\">Send<\/button><img decoding=\"async\" src=\"https:\/\/scadra-group.fr\/wp-content\/plugins\/wpforms\/assets\/images\/submit-spin.svg\" class=\"wpforms-submit-spinner\" style=\"display: none;\" width=\"26\" height=\"26\" alt=\"Loading\"><\/div><\/form><\/div>  <!-- .wpforms-container -->\t\t\t\t<\/div>\n\t\t\t\t<\/div>\n\t\t\t\t<\/div>\n\t\t\t\t<div class=\"elementor-element elementor-element-45a97d2 elementor-widget elementor-widget-spacer\" data-id=\"45a97d2\" data-element_type=\"widget\" data-e-type=\"widget\" data-widget_type=\"spacer.default\">\n\t\t\t\t\t\t\t<div class=\"elementor-spacer\">\n\t\t\t<div class=\"elementor-spacer-inner\"><\/div>\n\t\t<\/div>\n\t\t\t\t\t\t<\/div>\n\t\t<div class=\"elementor-element elementor-element-0b8214e e-con-full e-flex e-con e-child\" data-id=\"0b8214e\" data-element_type=\"container\" data-e-type=\"container\">\n\t\t<div class=\"elementor-element elementor-element-9f7de4b e-con-full e-flex e-con e-child\" data-id=\"9f7de4b\" data-element_type=\"container\" data-e-type=\"container\">\n\t\t<div class=\"elementor-element elementor-element-6870e2b e-con-full e-flex e-con e-child\" data-id=\"6870e2b\" data-element_type=\"container\" data-e-type=\"container\" data-settings=\"{&quot;background_background&quot;:&quot;classic&quot;}\">\n\t\t\t\t<\/div>\n\t\t\t\t<\/div>\n\t\t<div class=\"elementor-element elementor-element-62be20c e-con-full e-flex e-con e-child\" data-id=\"62be20c\" data-element_type=\"container\" data-e-type=\"container\">\n\t\t\t\t<div class=\"elementor-element elementor-element-ba4f707 elementor-widget elementor-widget-heading\" data-id=\"ba4f707\" data-element_type=\"widget\" data-e-type=\"widget\" data-widget_type=\"heading.default\">\n\t\t\t\t\t<h1 class=\"elementor-heading-title elementor-size-default\">Submit your application<\/h1>\t\t\t\t<\/div>\n\t\t\t\t<div class=\"elementor-element elementor-element-daca308 elementor-widget elementor-widget-text-editor\" data-id=\"daca308\" data-element_type=\"widget\" data-e-type=\"widget\" data-widget_type=\"text-editor.default\">\n\t\t\t\t\t\t\t\t\t<p><strong>No offers match your profile?<\/strong> <br>Make yourself known. We&#8217;ll get back to you as soon as an opportunity arises.<\/p>\t\t\t\t\t\t\t\t<\/div>\n\t\t\t\t<\/div>\n\t\t\t\t<\/div>\n\t\t\t\t\t<\/div>\n\t\t\t\t<\/div>\n\t\t\t\t<\/div>\n\t\t","protected":false},"excerpt":{"rendered":"<p>Veuillez activer JavaScript dans votre navigateur pour remplir ce formulaire.Veuillez activer JavaScript dans votre navigateur pour remplir ce formulaire.Nom *Pr\u00e9nom *E-mail *T\u00e9l\u00e9phoneQuel poste recherchez-vous ? Pour quel entreprise souhaitez-vous postuler ? SELLS &#8211; Force de vente externalis\u00e9eJTNH &#8211; Industrial M&amp;A : CessionACOM &#8211; Industrial M&amp;A : AcquisitionDIDIER SIGNAL\u00c9TICQuel type de contrat rechcerchez-vous?CDICDDAlternance \/ ApprentissageAutreQuand \u00eates-vous [&hellip;]<\/p>\n","protected":false},"author":1,"featured_media":1339,"parent":0,"menu_order":0,"comment_status":"closed","ping_status":"closed","template":"","meta":{"_acf_changed":false,"footnotes":""},"class_list":["post-1182","page","type-page","status-publish","has-post-thumbnail","hentry"],"blocksy_meta":{"has_hero_section":"disabled","styles_descriptor":{"styles":{"desktop":"","tablet":"","mobile":""},"google_fonts":[],"version":6}},"acf":[],"yoast_head":"<!-- This site is optimized with the Yoast SEO plugin v27.5 - https:\/\/yoast.com\/product\/yoast-seo-wordpress\/ -->\n<title>Unsolicited application - Join Scadra Group<\/title>\n<meta name=\"description\" content=\"No offer available for you? Submit your unsolicited application and join Scadra Group: expert in M&amp;A, trade, marketing &amp; signage.\" \/>\n<meta name=\"robots\" content=\"index, follow, max-snippet:-1, max-image-preview:large, max-video-preview:-1\" \/>\n<link rel=\"canonical\" href=\"https:\/\/scadra-group.fr\/en\/unsolicited-application\/\" \/>\n<meta property=\"og:locale\" content=\"en_US\" \/>\n<meta property=\"og:type\" content=\"article\" \/>\n<meta property=\"og:title\" content=\"Unsolicited application - Join Scadra Group\" \/>\n<meta property=\"og:description\" content=\"No offer available for you? Submit your unsolicited application and join Scadra Group: expert in M&amp;A, trade, marketing &amp; signage.\" \/>\n<meta property=\"og:url\" content=\"https:\/\/scadra-group.fr\/en\/unsolicited-application\/\" \/>\n<meta property=\"og:site_name\" content=\"Scadra Group\" \/>\n<meta property=\"article:modified_time\" content=\"2026-03-18T16:24:51+00:00\" \/>\n<meta property=\"og:image\" content=\"https:\/\/scadra-group.fr\/wp-content\/uploads\/2026\/03\/CANDIDATURE-SPONTANEE_web.webp\" \/>\n\t<meta property=\"og:image:width\" content=\"400\" \/>\n\t<meta property=\"og:image:height\" content=\"400\" \/>\n\t<meta property=\"og:image:type\" content=\"image\/webp\" \/>\n<meta name=\"twitter:card\" content=\"summary_large_image\" \/>\n<meta name=\"twitter:label1\" content=\"Est. reading time\" \/>\n\t<meta name=\"twitter:data1\" content=\"1 minute\" \/>\n<script type=\"application\/ld+json\" class=\"yoast-schema-graph\">{\"@context\":\"https:\\\/\\\/schema.org\",\"@graph\":[{\"@type\":\"WebPage\",\"@id\":\"https:\\\/\\\/scadra-group.fr\\\/en\\\/unsolicited-application\\\/\",\"url\":\"https:\\\/\\\/scadra-group.fr\\\/en\\\/unsolicited-application\\\/\",\"name\":\"Unsolicited application - Join Scadra Group\",\"isPartOf\":{\"@id\":\"https:\\\/\\\/scadra-group.fr\\\/en\\\/#website\"},\"primaryImageOfPage\":{\"@id\":\"https:\\\/\\\/scadra-group.fr\\\/en\\\/unsolicited-application\\\/#primaryimage\"},\"image\":{\"@id\":\"https:\\\/\\\/scadra-group.fr\\\/en\\\/unsolicited-application\\\/#primaryimage\"},\"thumbnailUrl\":\"https:\\\/\\\/scadra-group.fr\\\/wp-content\\\/uploads\\\/2026\\\/03\\\/CANDIDATURE-SPONTANEE_web.webp\",\"datePublished\":\"2026-03-16T09:41:24+00:00\",\"dateModified\":\"2026-03-18T16:24:51+00:00\",\"description\":\"No offer available for you? Submit your unsolicited application and join Scadra Group: expert in M&A, trade, marketing & signage.\",\"breadcrumb\":{\"@id\":\"https:\\\/\\\/scadra-group.fr\\\/en\\\/unsolicited-application\\\/#breadcrumb\"},\"inLanguage\":\"en-US\",\"potentialAction\":[{\"@type\":\"ReadAction\",\"target\":[\"https:\\\/\\\/scadra-group.fr\\\/en\\\/unsolicited-application\\\/\"]}]},{\"@type\":\"ImageObject\",\"inLanguage\":\"en-US\",\"@id\":\"https:\\\/\\\/scadra-group.fr\\\/en\\\/unsolicited-application\\\/#primaryimage\",\"url\":\"https:\\\/\\\/scadra-group.fr\\\/wp-content\\\/uploads\\\/2026\\\/03\\\/CANDIDATURE-SPONTANEE_web.webp\",\"contentUrl\":\"https:\\\/\\\/scadra-group.fr\\\/wp-content\\\/uploads\\\/2026\\\/03\\\/CANDIDATURE-SPONTANEE_web.webp\",\"width\":400,\"height\":400},{\"@type\":\"BreadcrumbList\",\"@id\":\"https:\\\/\\\/scadra-group.fr\\\/en\\\/unsolicited-application\\\/#breadcrumb\",\"itemListElement\":[{\"@type\":\"ListItem\",\"position\":1,\"name\":\"Accueil\",\"item\":\"https:\\\/\\\/scadra-group.fr\\\/en\\\/\"},{\"@type\":\"ListItem\",\"position\":2,\"name\":\"Unsolicited application\"}]},{\"@type\":\"WebSite\",\"@id\":\"https:\\\/\\\/scadra-group.fr\\\/en\\\/#website\",\"url\":\"https:\\\/\\\/scadra-group.fr\\\/en\\\/\",\"name\":\"Scadra Group\",\"description\":\"\",\"publisher\":{\"@id\":\"https:\\\/\\\/scadra-group.fr\\\/en\\\/#organization\"},\"potentialAction\":[{\"@type\":\"SearchAction\",\"target\":{\"@type\":\"EntryPoint\",\"urlTemplate\":\"https:\\\/\\\/scadra-group.fr\\\/en\\\/?s={search_term_string}\"},\"query-input\":{\"@type\":\"PropertyValueSpecification\",\"valueRequired\":true,\"valueName\":\"search_term_string\"}}],\"inLanguage\":\"en-US\"},{\"@type\":\"Organization\",\"@id\":\"https:\\\/\\\/scadra-group.fr\\\/en\\\/#organization\",\"name\":\"Scadra Group\",\"url\":\"https:\\\/\\\/scadra-group.fr\\\/en\\\/\",\"logo\":{\"@type\":\"ImageObject\",\"inLanguage\":\"en-US\",\"@id\":\"https:\\\/\\\/scadra-group.fr\\\/en\\\/#\\\/schema\\\/logo\\\/image\\\/\",\"url\":\"https:\\\/\\\/scadra-group.fr\\\/wp-content\\\/uploads\\\/2026\\\/01\\\/Fichier-1.png\",\"contentUrl\":\"https:\\\/\\\/scadra-group.fr\\\/wp-content\\\/uploads\\\/2026\\\/01\\\/Fichier-1.png\",\"width\":537,\"height\":203,\"caption\":\"Scadra Group\"},\"image\":{\"@id\":\"https:\\\/\\\/scadra-group.fr\\\/en\\\/#\\\/schema\\\/logo\\\/image\\\/\"}}]}<\/script>\n<!-- \/ Yoast SEO plugin. -->","yoast_head_json":{"title":"Unsolicited application - Join Scadra Group","description":"No offer available for you? Submit your unsolicited application and join Scadra Group: expert in M&A, trade, marketing & signage.","robots":{"index":"index","follow":"follow","max-snippet":"max-snippet:-1","max-image-preview":"max-image-preview:large","max-video-preview":"max-video-preview:-1"},"canonical":"https:\/\/scadra-group.fr\/en\/unsolicited-application\/","og_locale":"en_US","og_type":"article","og_title":"Unsolicited application - Join Scadra Group","og_description":"No offer available for you? Submit your unsolicited application and join Scadra Group: expert in M&A, trade, marketing & signage.","og_url":"https:\/\/scadra-group.fr\/en\/unsolicited-application\/","og_site_name":"Scadra Group","article_modified_time":"2026-03-18T16:24:51+00:00","og_image":[{"width":400,"height":400,"url":"https:\/\/scadra-group.fr\/wp-content\/uploads\/2026\/03\/CANDIDATURE-SPONTANEE_web.webp","type":"image\/webp"}],"twitter_card":"summary_large_image","twitter_misc":{"Est. reading time":"1 minute"},"schema":{"@context":"https:\/\/schema.org","@graph":[{"@type":"WebPage","@id":"https:\/\/scadra-group.fr\/en\/unsolicited-application\/","url":"https:\/\/scadra-group.fr\/en\/unsolicited-application\/","name":"Unsolicited application - Join Scadra Group","isPartOf":{"@id":"https:\/\/scadra-group.fr\/en\/#website"},"primaryImageOfPage":{"@id":"https:\/\/scadra-group.fr\/en\/unsolicited-application\/#primaryimage"},"image":{"@id":"https:\/\/scadra-group.fr\/en\/unsolicited-application\/#primaryimage"},"thumbnailUrl":"https:\/\/scadra-group.fr\/wp-content\/uploads\/2026\/03\/CANDIDATURE-SPONTANEE_web.webp","datePublished":"2026-03-16T09:41:24+00:00","dateModified":"2026-03-18T16:24:51+00:00","description":"No offer available for you? Submit your unsolicited application and join Scadra Group: expert in M&A, trade, marketing & signage.","breadcrumb":{"@id":"https:\/\/scadra-group.fr\/en\/unsolicited-application\/#breadcrumb"},"inLanguage":"en-US","potentialAction":[{"@type":"ReadAction","target":["https:\/\/scadra-group.fr\/en\/unsolicited-application\/"]}]},{"@type":"ImageObject","inLanguage":"en-US","@id":"https:\/\/scadra-group.fr\/en\/unsolicited-application\/#primaryimage","url":"https:\/\/scadra-group.fr\/wp-content\/uploads\/2026\/03\/CANDIDATURE-SPONTANEE_web.webp","contentUrl":"https:\/\/scadra-group.fr\/wp-content\/uploads\/2026\/03\/CANDIDATURE-SPONTANEE_web.webp","width":400,"height":400},{"@type":"BreadcrumbList","@id":"https:\/\/scadra-group.fr\/en\/unsolicited-application\/#breadcrumb","itemListElement":[{"@type":"ListItem","position":1,"name":"Accueil","item":"https:\/\/scadra-group.fr\/en\/"},{"@type":"ListItem","position":2,"name":"Unsolicited application"}]},{"@type":"WebSite","@id":"https:\/\/scadra-group.fr\/en\/#website","url":"https:\/\/scadra-group.fr\/en\/","name":"Scadra Group","description":"","publisher":{"@id":"https:\/\/scadra-group.fr\/en\/#organization"},"potentialAction":[{"@type":"SearchAction","target":{"@type":"EntryPoint","urlTemplate":"https:\/\/scadra-group.fr\/en\/?s={search_term_string}"},"query-input":{"@type":"PropertyValueSpecification","valueRequired":true,"valueName":"search_term_string"}}],"inLanguage":"en-US"},{"@type":"Organization","@id":"https:\/\/scadra-group.fr\/en\/#organization","name":"Scadra Group","url":"https:\/\/scadra-group.fr\/en\/","logo":{"@type":"ImageObject","inLanguage":"en-US","@id":"https:\/\/scadra-group.fr\/en\/#\/schema\/logo\/image\/","url":"https:\/\/scadra-group.fr\/wp-content\/uploads\/2026\/01\/Fichier-1.png","contentUrl":"https:\/\/scadra-group.fr\/wp-content\/uploads\/2026\/01\/Fichier-1.png","width":537,"height":203,"caption":"Scadra Group"},"image":{"@id":"https:\/\/scadra-group.fr\/en\/#\/schema\/logo\/image\/"}}]}},"_links":{"self":[{"href":"https:\/\/scadra-group.fr\/en\/wp-json\/wp\/v2\/pages\/1182","targetHints":{"allow":["GET"]}}],"collection":[{"href":"https:\/\/scadra-group.fr\/en\/wp-json\/wp\/v2\/pages"}],"about":[{"href":"https:\/\/scadra-group.fr\/en\/wp-json\/wp\/v2\/types\/page"}],"author":[{"embeddable":true,"href":"https:\/\/scadra-group.fr\/en\/wp-json\/wp\/v2\/users\/1"}],"replies":[{"embeddable":true,"href":"https:\/\/scadra-group.fr\/en\/wp-json\/wp\/v2\/comments?post=1182"}],"version-history":[{"count":5,"href":"https:\/\/scadra-group.fr\/en\/wp-json\/wp\/v2\/pages\/1182\/revisions"}],"predecessor-version":[{"id":1340,"href":"https:\/\/scadra-group.fr\/en\/wp-json\/wp\/v2\/pages\/1182\/revisions\/1340"}],"wp:featuredmedia":[{"embeddable":true,"href":"https:\/\/scadra-group.fr\/en\/wp-json\/wp\/v2\/media\/1339"}],"wp:attachment":[{"href":"https:\/\/scadra-group.fr\/en\/wp-json\/wp\/v2\/media?parent=1182"}],"curies":[{"name":"wp","href":"https:\/\/api.w.org\/{rel}","templated":true}]}}