{"id":304,"date":"2026-01-16T16:45:41","date_gmt":"2026-01-16T15:45:41","guid":{"rendered":"https:\/\/scadra-group.fr\/contact\/"},"modified":"2026-03-16T10:33:57","modified_gmt":"2026-03-16T09:33:57","slug":"contact","status":"publish","type":"page","link":"https:\/\/scadra-group.fr\/en\/contact\/","title":{"rendered":"Contact"},"content":{"rendered":"\t\t<div data-elementor-type=\"wp-page\" data-elementor-id=\"304\" class=\"elementor elementor-304 elementor-143\" data-elementor-post-type=\"page\">\n\t\t\t\t<div class=\"elementor-element elementor-element-61fb4bf e-flex e-con-boxed e-con e-parent\" data-id=\"61fb4bf\" data-element_type=\"container\" data-e-type=\"container\" data-settings=\"{&quot;background_background&quot;:&quot;classic&quot;}\">\n\t\t\t\t\t<div class=\"e-con-inner\">\n\t\t<div class=\"elementor-element elementor-element-0a4428a e-con-full e-flex e-con e-child\" data-id=\"0a4428a\" data-element_type=\"container\" data-e-type=\"container\">\n\t\t\t\t<div class=\"elementor-element elementor-element-a611be9 elementor-widget elementor-widget-wpforms\" data-id=\"a611be9\" data-element_type=\"widget\" data-e-type=\"widget\" data-widget_type=\"wpforms.default\">\n\t\t\t\t<div class=\"elementor-widget-container\">\n\t\t\t\t\t<style id=\"wpforms-css-vars-elementor-widget-a611be9\">\n\t\t\t\t.elementor-widget-wpforms.elementor-element-a611be9 {\n\t\t\t\t--wpforms-field-border-radius: 4px;\n--wpforms-field-background-color: #FFFFFF;\n--wpforms-label-color: #ffffff;\n--wpforms-label-sublabel-color: #B7B3BA;\n--wpforms-button-border-radius: 8px;\n--wpforms-button-background-color: #811140;\n--wpforms-container-padding: 64px;\n--wpforms-container-border-radius: 24px;\n--wpforms-background-color: #141327;\n\t\t\t}\n\t\t\t<\/style><div class=\"wpforms-container wpforms-container-full wpforms-render-modern\" id=\"wpforms-154\"><form id=\"wpforms-form-154\" class=\"wpforms-validate wpforms-form wpforms-ajax-form\" data-formid=\"154\" method=\"post\" enctype=\"multipart\/form-data\" action=\"\/en\/wp-json\/wp\/v2\/pages\/304\" data-token=\"3fa40e7a168f60df802d8af10f4389e4\" data-token-time=\"1778675861\"><noscript class=\"wpforms-error-noscript\">Please enable JavaScript in your browser to complete this form.<\/noscript><div id=\"wpforms-error-noscript\" style=\"display: none;\">Please enable JavaScript in your browser to complete this form.<\/div><div class=\"wpforms-field-container\">\t\t<div id=\"wpforms-154-field_7-container\"\n\t\t\tclass=\"wpforms-field wpforms-field-text\"\n\t\t\tdata-field-type=\"text\"\n\t\t\tdata-field-id=\"7\"\n\t\t\t>\n\t\t\t<label class=\"wpforms-field-label\" for=\"wpforms-154-field_7\" >E-mail Company Name<\/label>\n\t\t\t<input type=\"text\" id=\"wpforms-154-field_7\" class=\"wpforms-field-medium\" name=\"wpforms[fields][7]\" >\n\t\t<\/div>\n\t\t<div id=\"wpforms-154-field_1-container\" class=\"wpforms-field wpforms-field-name\" data-field-id=\"1\"><label class=\"wpforms-field-label\" for=\"wpforms-154-field_1\">Name <span class=\"wpforms-required-label\" aria-hidden=\"true\">*<\/span><\/label><input type=\"text\" id=\"wpforms-154-field_1\" class=\"wpforms-field-large wpforms-field-required\" name=\"wpforms[fields][1]\" aria-errormessage=\"wpforms-154-field_1-error\" required><\/div><div id=\"wpforms-154-field_2-container\" class=\"wpforms-field wpforms-field-email\" data-field-id=\"2\"><label class=\"wpforms-field-label\" for=\"wpforms-154-field_2\">E-mail <span class=\"wpforms-required-label\" aria-hidden=\"true\">*<\/span><\/label><input type=\"email\" id=\"wpforms-154-field_2\" class=\"wpforms-field-large wpforms-field-required\" name=\"wpforms[fields][2]\" spellcheck=\"false\" aria-errormessage=\"wpforms-154-field_2-error\" required><\/div><div id=\"wpforms-154-field_3-container\" class=\"wpforms-field wpforms-field-text\" data-field-id=\"3\"><label class=\"wpforms-field-label\" for=\"wpforms-154-field_3\">Company <span class=\"wpforms-required-label\" aria-hidden=\"true\">*<\/span><\/label><input type=\"text\" id=\"wpforms-154-field_3\" class=\"wpforms-field-large wpforms-field-required\" name=\"wpforms[fields][3]\" aria-errormessage=\"wpforms-154-field_3-error\" required><\/div><div id=\"wpforms-154-field_4-container\" class=\"wpforms-field wpforms-field-text\" data-field-id=\"4\"><label class=\"wpforms-field-label\" for=\"wpforms-154-field_4\">Function <span class=\"wpforms-required-label\" aria-hidden=\"true\">*<\/span><\/label><input type=\"text\" id=\"wpforms-154-field_4\" class=\"wpforms-field-large wpforms-field-required\" name=\"wpforms[fields][4]\" aria-errormessage=\"wpforms-154-field_4-error\" required><\/div><div id=\"wpforms-154-field_5-container\" class=\"wpforms-field wpforms-field-text\" data-field-id=\"5\"><label class=\"wpforms-field-label\" for=\"wpforms-154-field_5\">Subject <span class=\"wpforms-required-label\" aria-hidden=\"true\">*<\/span><\/label><input type=\"text\" id=\"wpforms-154-field_5\" class=\"wpforms-field-large wpforms-field-required\" name=\"wpforms[fields][5]\" aria-errormessage=\"wpforms-154-field_5-error\" required><\/div><div id=\"wpforms-154-field_6-container\" class=\"wpforms-field wpforms-field-phone\" data-field-id=\"6\"><label class=\"wpforms-field-label\" for=\"wpforms-154-field_6\">Phone<\/label><input type=\"tel\" id=\"wpforms-154-field_6\" class=\"wpforms-field-large wpforms-smart-phone-field\" data-rule-smart-phone-field=\"true\" name=\"wpforms[fields][6]\" aria-label=\"Phone\" aria-errormessage=\"wpforms-154-field_6-error\" ><\/div><script>\n\t\t\t\t( function() {\n\t\t\t\t\tconst style = document.createElement( 'style' );\n\t\t\t\t\tstyle.appendChild( document.createTextNode( '#wpforms-154-field_7-container { position: absolute !important; overflow: hidden !important; display: inline !important; height: 1px !important; width: 1px !important; z-index: -1000 !important; padding: 0 !important; } #wpforms-154-field_7-container input { visibility: hidden; } #wpforms-conversational-form-page #wpforms-154-field_7-container label { counter-increment: none; }' ) );\n\t\t\t\t\tdocument.head.appendChild( style );\n\t\t\t\t\tdocument.currentScript?.remove();\n\t\t\t\t} )();\n\t\t\t<\/script><\/div><!-- .wpforms-field-container --><div class=\"wpforms-submit-container\" ><input type=\"hidden\" name=\"wpforms[id]\" value=\"154\"><input type=\"hidden\" name=\"page_title\" value=\"\"><input type=\"hidden\" name=\"page_url\" value=\"https:\/\/scadra-group.fr\/en\/wp-json\/wp\/v2\/pages\/304\"><input type=\"hidden\" name=\"url_referer\" value=\"\"><button type=\"submit\" name=\"wpforms[submit]\" id=\"wpforms-submit-154\" class=\"wpforms-submit\" data-alt-text=\" \" data-submit-text=\"Submit my request\" aria-live=\"assertive\" value=\"wpforms-submit\">Submit my request<\/button><img decoding=\"async\" src=\"https:\/\/scadra-group.fr\/wp-content\/plugins\/wpforms\/assets\/images\/submit-spin.svg\" class=\"wpforms-submit-spinner\" style=\"display: none;\" width=\"26\" height=\"26\" alt=\"Loading\"><\/div><\/form><\/div>  <!-- .wpforms-container -->\t\t\t\t<\/div>\n\t\t\t\t<\/div>\n\t\t\t\t<\/div>\n\t\t<div class=\"elementor-element elementor-element-f212433 e-con-full e-flex e-con e-child\" data-id=\"f212433\" data-element_type=\"container\" data-e-type=\"container\">\n\t\t<div class=\"elementor-element elementor-element-7e7e04a e-con-full e-flex e-con e-child\" data-id=\"7e7e04a\" data-element_type=\"container\" data-e-type=\"container\">\n\t\t<div class=\"elementor-element elementor-element-01a0d5d e-con-full e-flex e-con e-child\" data-id=\"01a0d5d\" data-element_type=\"container\" data-e-type=\"container\" data-settings=\"{&quot;background_background&quot;:&quot;classic&quot;}\">\n\t\t\t\t<\/div>\n\t\t\t\t<\/div>\n\t\t<div class=\"elementor-element elementor-element-e698f8b e-con-full e-flex e-con e-child\" data-id=\"e698f8b\" data-element_type=\"container\" data-e-type=\"container\">\n\t\t\t\t<div class=\"elementor-element elementor-element-e3f30d0 elementor-widget elementor-widget-heading\" data-id=\"e3f30d0\" data-element_type=\"widget\" data-e-type=\"widget\" data-widget_type=\"heading.default\">\n\t\t\t\t\t<h1 class=\"elementor-heading-title elementor-size-default\">Contact us<\/h1>\t\t\t\t<\/div>\n\t\t\t\t<div class=\"elementor-element elementor-element-0eaf6d0 elementor-position-inline-start elementor-mobile-position-inline-start elementor-view-default elementor-widget elementor-widget-icon-box\" data-id=\"0eaf6d0\" data-element_type=\"widget\" data-e-type=\"widget\" data-widget_type=\"icon-box.default\">\n\t\t\t\t\t\t\t<div class=\"elementor-icon-box-wrapper\">\n\n\t\t\t\t\t\t<div class=\"elementor-icon-box-icon\">\n\t\t\t\t<span  class=\"elementor-icon\">\n\t\t\t\t<svg xmlns=\"http:\/\/www.w3.org\/2000\/svg\" width=\"24\" height=\"24\" viewBox=\"0 0 24 24\" fill=\"none\"><g clip-path=\"url(#clip0_75_1215)\"><path d=\"M12 6C11.2089 6 10.4355 6.2346 9.77772 6.67412C9.11993 7.11365 8.60723 7.73836 8.30448 8.46927C8.00173 9.20017 7.92252 10.0044 8.07686 10.7804C8.2312 11.5563 8.61216 12.269 9.17157 12.8284C9.73098 13.3878 10.4437 13.7688 11.2196 13.9231C11.9956 14.0775 12.7998 13.9983 13.5307 13.6955C14.2616 13.3928 14.8864 12.8801 15.3259 12.2223C15.7654 11.5645 16 10.7911 16 10C16 8.93913 15.5786 7.92172 14.8284 7.17157C14.0783 6.42143 13.0609 6 12 6ZM12 12C11.6044 12 11.2178 11.8827 10.8889 11.6629C10.56 11.4432 10.3036 11.1308 10.1522 10.7654C10.0009 10.3999 9.96126 9.99778 10.0384 9.60982C10.1156 9.22186 10.3061 8.86549 10.5858 8.58579C10.8655 8.30608 11.2219 8.1156 11.6098 8.03843C11.9978 7.96126 12.3999 8.00087 12.7654 8.15224C13.1308 8.30362 13.4432 8.55996 13.6629 8.88886C13.8827 9.21776 14 9.60444 14 10C14 10.5304 13.7893 11.0391 13.4142 11.4142C13.0391 11.7893 12.5304 12 12 12Z\" fill=\"#141327\"><\/path><path d=\"M11.9998 24.0003C11.1578 24.0046 10.3269 23.8071 9.57689 23.4243C8.82684 23.0416 8.17942 22.4847 7.68882 21.8003C3.87782 16.5433 1.94482 12.5913 1.94482 10.0533C1.94482 7.38654 3.00419 4.82901 4.88987 2.94333C6.77554 1.05765 9.33307 -0.00170898 11.9998 -0.00170898C14.6666 -0.00170898 17.2241 1.05765 19.1098 2.94333C20.9955 4.82901 22.0548 7.38654 22.0548 10.0533C22.0548 12.5913 20.1218 16.5433 16.3108 21.8003C15.8202 22.4847 15.1728 23.0416 14.4228 23.4243C13.6727 23.8071 12.8419 24.0046 11.9998 24.0003V24.0003ZM11.9998 2.18129C9.91224 2.18367 7.91084 3.01402 6.4347 4.49016C4.95855 5.96631 4.12821 7.96771 4.12582 10.0553C4.12582 12.0653 6.01882 15.7823 9.45482 20.5213C9.74652 20.9231 10.1292 21.2501 10.5715 21.4756C11.0139 21.701 11.5033 21.8186 11.9998 21.8186C12.4963 21.8186 12.9858 21.701 13.4281 21.4756C13.8705 21.2501 14.2531 20.9231 14.5448 20.5213C17.9808 15.7823 19.8738 12.0653 19.8738 10.0553C19.8714 7.96771 19.0411 5.96631 17.565 4.49016C16.0888 3.01402 14.0874 2.18367 11.9998 2.18129V2.18129Z\" fill=\"#141327\"><\/path><\/g><defs><clipPath id=\"clip0_75_1215\"><rect width=\"24\" height=\"24\" fill=\"white\"><\/rect><\/clipPath><\/defs><\/svg>\t\t\t\t<\/span>\n\t\t\t<\/div>\n\t\t\t\n\t\t\t\t\t\t<div class=\"elementor-icon-box-content\">\n\n\t\t\t\t\n\t\t\t\t\t\t\t\t\t<p class=\"elementor-icon-box-description\">\n\t\t\t\t\t\t8 rue Tony Ferret, 01000 Bourg-en-Bresse, France\t\t\t\t\t<\/p>\n\t\t\t\t\n\t\t\t<\/div>\n\t\t\t\n\t\t<\/div>\n\t\t\t\t\t\t<\/div>\n\t\t\t\t<\/div>\n\t\t\t\t<div class=\"elementor-element elementor-element-297f5f7 elementor-widget elementor-widget-text-editor\" data-id=\"297f5f7\" data-element_type=\"widget\" data-e-type=\"widget\" data-widget_type=\"text-editor.default\">\n\t\t\t\t\t\t\t\t\t<p><strong>Would you like to find out more about our services?<\/strong> <br>Our team is at your service.<\/p>\t\t\t\t\t\t\t\t<\/div>\n\t\t\t\t<\/div>\n\t\t\t\t\t<\/div>\n\t\t\t\t<\/div>\n\t\t<div class=\"elementor-element elementor-element-a621e85 e-flex e-con-boxed e-con e-parent\" data-id=\"a621e85\" data-element_type=\"container\" data-e-type=\"container\">\n\t\t\t\t\t<div class=\"e-con-inner\">\n\t\t\t\t\t<\/div>\n\t\t\t\t<\/div>\n\t\t\t\t<\/div>\n\t\t","protected":false},"excerpt":{"rendered":"<p>Veuillez activer JavaScript dans votre navigateur pour remplir ce formulaire.Veuillez activer JavaScript dans votre navigateur pour remplir ce formulaire. Fonction T\u00e9l\u00e9phone Sujet Nom *E-mail *Soci\u00e9t\u00e9 *Fonction *Sujet *T\u00e9l\u00e9phoneSoumettre ma demande Contact us 8 rue Tony Ferret, 01000 Bourg-en-Bresse, France Would you like to find out more about our services? Our team is at your service.<\/p>\n","protected":false},"author":1,"featured_media":316,"parent":0,"menu_order":0,"comment_status":"closed","ping_status":"closed","template":"","meta":{"_acf_changed":false,"footnotes":""},"class_list":["post-304","page","type-page","status-publish","has-post-thumbnail","hentry"],"blocksy_meta":{"has_hero_section":"disabled","styles_descriptor":{"styles":{"desktop":"","tablet":"","mobile":""},"google_fonts":[],"version":6}},"acf":[],"yoast_head":"<!-- This site is optimized with the Yoast SEO plugin v27.5 - https:\/\/yoast.com\/product\/yoast-seo-wordpress\/ -->\n<title>Contact Scadra Group | Industrial Expertise<\/title>\n<meta name=\"description\" content=\"Contact Scadra Group in Bourg-en-Bresse. Our team of experts will support you in your industrial transformation projects.\" \/>\n<meta name=\"robots\" content=\"index, follow, max-snippet:-1, max-image-preview:large, max-video-preview:-1\" \/>\n<link rel=\"canonical\" href=\"https:\/\/scadra-group.fr\/en\/contact\/\" \/>\n<meta property=\"og:locale\" content=\"en_US\" \/>\n<meta property=\"og:type\" content=\"article\" \/>\n<meta property=\"og:title\" content=\"Contact Scadra Group | Industrial Expertise\" \/>\n<meta property=\"og:description\" content=\"Contact Scadra Group in Bourg-en-Bresse. Our team of experts will support you in your industrial transformation projects.\" \/>\n<meta property=\"og:url\" content=\"https:\/\/scadra-group.fr\/en\/contact\/\" \/>\n<meta property=\"og:site_name\" content=\"Scadra Group\" \/>\n<meta property=\"article:modified_time\" content=\"2026-03-16T09:33:57+00:00\" \/>\n<meta property=\"og:image\" content=\"https:\/\/scadra-group.fr\/wp-content\/uploads\/2026\/01\/CONTACT.webp\" \/>\n\t<meta property=\"og:image:width\" content=\"400\" \/>\n\t<meta property=\"og:image:height\" content=\"400\" \/>\n\t<meta property=\"og:image:type\" content=\"image\/webp\" \/>\n<meta name=\"twitter:card\" content=\"summary_large_image\" \/>\n<script type=\"application\/ld+json\" class=\"yoast-schema-graph\">{\"@context\":\"https:\\\/\\\/schema.org\",\"@graph\":[{\"@type\":\"WebPage\",\"@id\":\"https:\\\/\\\/scadra-group.fr\\\/en\\\/contact\\\/\",\"url\":\"https:\\\/\\\/scadra-group.fr\\\/en\\\/contact\\\/\",\"name\":\"Contact Scadra Group | Industrial Expertise\",\"isPartOf\":{\"@id\":\"https:\\\/\\\/scadra-group.fr\\\/en\\\/#website\"},\"primaryImageOfPage\":{\"@id\":\"https:\\\/\\\/scadra-group.fr\\\/en\\\/contact\\\/#primaryimage\"},\"image\":{\"@id\":\"https:\\\/\\\/scadra-group.fr\\\/en\\\/contact\\\/#primaryimage\"},\"thumbnailUrl\":\"https:\\\/\\\/scadra-group.fr\\\/wp-content\\\/uploads\\\/2026\\\/01\\\/CONTACT.webp\",\"datePublished\":\"2026-01-16T15:45:41+00:00\",\"dateModified\":\"2026-03-16T09:33:57+00:00\",\"description\":\"Contact Scadra Group in Bourg-en-Bresse. Our team of experts will support you in your industrial transformation projects.\",\"breadcrumb\":{\"@id\":\"https:\\\/\\\/scadra-group.fr\\\/en\\\/contact\\\/#breadcrumb\"},\"inLanguage\":\"en-US\",\"potentialAction\":[{\"@type\":\"ReadAction\",\"target\":[\"https:\\\/\\\/scadra-group.fr\\\/en\\\/contact\\\/\"]}]},{\"@type\":\"ImageObject\",\"inLanguage\":\"en-US\",\"@id\":\"https:\\\/\\\/scadra-group.fr\\\/en\\\/contact\\\/#primaryimage\",\"url\":\"https:\\\/\\\/scadra-group.fr\\\/wp-content\\\/uploads\\\/2026\\\/01\\\/CONTACT.webp\",\"contentUrl\":\"https:\\\/\\\/scadra-group.fr\\\/wp-content\\\/uploads\\\/2026\\\/01\\\/CONTACT.webp\",\"width\":400,\"height\":400},{\"@type\":\"BreadcrumbList\",\"@id\":\"https:\\\/\\\/scadra-group.fr\\\/en\\\/contact\\\/#breadcrumb\",\"itemListElement\":[{\"@type\":\"ListItem\",\"position\":1,\"name\":\"Accueil\",\"item\":\"https:\\\/\\\/scadra-group.fr\\\/en\\\/\"},{\"@type\":\"ListItem\",\"position\":2,\"name\":\"Contact\"}]},{\"@type\":\"WebSite\",\"@id\":\"https:\\\/\\\/scadra-group.fr\\\/en\\\/#website\",\"url\":\"https:\\\/\\\/scadra-group.fr\\\/en\\\/\",\"name\":\"Scadra Group\",\"description\":\"\",\"publisher\":{\"@id\":\"https:\\\/\\\/scadra-group.fr\\\/en\\\/#organization\"},\"potentialAction\":[{\"@type\":\"SearchAction\",\"target\":{\"@type\":\"EntryPoint\",\"urlTemplate\":\"https:\\\/\\\/scadra-group.fr\\\/en\\\/?s={search_term_string}\"},\"query-input\":{\"@type\":\"PropertyValueSpecification\",\"valueRequired\":true,\"valueName\":\"search_term_string\"}}],\"inLanguage\":\"en-US\"},{\"@type\":\"Organization\",\"@id\":\"https:\\\/\\\/scadra-group.fr\\\/en\\\/#organization\",\"name\":\"Scadra Group\",\"url\":\"https:\\\/\\\/scadra-group.fr\\\/en\\\/\",\"logo\":{\"@type\":\"ImageObject\",\"inLanguage\":\"en-US\",\"@id\":\"https:\\\/\\\/scadra-group.fr\\\/en\\\/#\\\/schema\\\/logo\\\/image\\\/\",\"url\":\"https:\\\/\\\/scadra-group.fr\\\/wp-content\\\/uploads\\\/2026\\\/01\\\/Fichier-1.png\",\"contentUrl\":\"https:\\\/\\\/scadra-group.fr\\\/wp-content\\\/uploads\\\/2026\\\/01\\\/Fichier-1.png\",\"width\":537,\"height\":203,\"caption\":\"Scadra Group\"},\"image\":{\"@id\":\"https:\\\/\\\/scadra-group.fr\\\/en\\\/#\\\/schema\\\/logo\\\/image\\\/\"}}]}<\/script>\n<!-- \/ Yoast SEO plugin. -->","yoast_head_json":{"title":"Contact Scadra Group | Industrial Expertise","description":"Contact Scadra Group in Bourg-en-Bresse. Our team of experts will support you in your industrial transformation projects.","robots":{"index":"index","follow":"follow","max-snippet":"max-snippet:-1","max-image-preview":"max-image-preview:large","max-video-preview":"max-video-preview:-1"},"canonical":"https:\/\/scadra-group.fr\/en\/contact\/","og_locale":"en_US","og_type":"article","og_title":"Contact Scadra Group | Industrial Expertise","og_description":"Contact Scadra Group in Bourg-en-Bresse. Our team of experts will support you in your industrial transformation projects.","og_url":"https:\/\/scadra-group.fr\/en\/contact\/","og_site_name":"Scadra Group","article_modified_time":"2026-03-16T09:33:57+00:00","og_image":[{"width":400,"height":400,"url":"https:\/\/scadra-group.fr\/wp-content\/uploads\/2026\/01\/CONTACT.webp","type":"image\/webp"}],"twitter_card":"summary_large_image","schema":{"@context":"https:\/\/schema.org","@graph":[{"@type":"WebPage","@id":"https:\/\/scadra-group.fr\/en\/contact\/","url":"https:\/\/scadra-group.fr\/en\/contact\/","name":"Contact Scadra Group | Industrial Expertise","isPartOf":{"@id":"https:\/\/scadra-group.fr\/en\/#website"},"primaryImageOfPage":{"@id":"https:\/\/scadra-group.fr\/en\/contact\/#primaryimage"},"image":{"@id":"https:\/\/scadra-group.fr\/en\/contact\/#primaryimage"},"thumbnailUrl":"https:\/\/scadra-group.fr\/wp-content\/uploads\/2026\/01\/CONTACT.webp","datePublished":"2026-01-16T15:45:41+00:00","dateModified":"2026-03-16T09:33:57+00:00","description":"Contact Scadra Group in Bourg-en-Bresse. Our team of experts will support you in your industrial transformation projects.","breadcrumb":{"@id":"https:\/\/scadra-group.fr\/en\/contact\/#breadcrumb"},"inLanguage":"en-US","potentialAction":[{"@type":"ReadAction","target":["https:\/\/scadra-group.fr\/en\/contact\/"]}]},{"@type":"ImageObject","inLanguage":"en-US","@id":"https:\/\/scadra-group.fr\/en\/contact\/#primaryimage","url":"https:\/\/scadra-group.fr\/wp-content\/uploads\/2026\/01\/CONTACT.webp","contentUrl":"https:\/\/scadra-group.fr\/wp-content\/uploads\/2026\/01\/CONTACT.webp","width":400,"height":400},{"@type":"BreadcrumbList","@id":"https:\/\/scadra-group.fr\/en\/contact\/#breadcrumb","itemListElement":[{"@type":"ListItem","position":1,"name":"Accueil","item":"https:\/\/scadra-group.fr\/en\/"},{"@type":"ListItem","position":2,"name":"Contact"}]},{"@type":"WebSite","@id":"https:\/\/scadra-group.fr\/en\/#website","url":"https:\/\/scadra-group.fr\/en\/","name":"Scadra Group","description":"","publisher":{"@id":"https:\/\/scadra-group.fr\/en\/#organization"},"potentialAction":[{"@type":"SearchAction","target":{"@type":"EntryPoint","urlTemplate":"https:\/\/scadra-group.fr\/en\/?s={search_term_string}"},"query-input":{"@type":"PropertyValueSpecification","valueRequired":true,"valueName":"search_term_string"}}],"inLanguage":"en-US"},{"@type":"Organization","@id":"https:\/\/scadra-group.fr\/en\/#organization","name":"Scadra Group","url":"https:\/\/scadra-group.fr\/en\/","logo":{"@type":"ImageObject","inLanguage":"en-US","@id":"https:\/\/scadra-group.fr\/en\/#\/schema\/logo\/image\/","url":"https:\/\/scadra-group.fr\/wp-content\/uploads\/2026\/01\/Fichier-1.png","contentUrl":"https:\/\/scadra-group.fr\/wp-content\/uploads\/2026\/01\/Fichier-1.png","width":537,"height":203,"caption":"Scadra Group"},"image":{"@id":"https:\/\/scadra-group.fr\/en\/#\/schema\/logo\/image\/"}}]}},"_links":{"self":[{"href":"https:\/\/scadra-group.fr\/en\/wp-json\/wp\/v2\/pages\/304","targetHints":{"allow":["GET"]}}],"collection":[{"href":"https:\/\/scadra-group.fr\/en\/wp-json\/wp\/v2\/pages"}],"about":[{"href":"https:\/\/scadra-group.fr\/en\/wp-json\/wp\/v2\/types\/page"}],"author":[{"embeddable":true,"href":"https:\/\/scadra-group.fr\/en\/wp-json\/wp\/v2\/users\/1"}],"replies":[{"embeddable":true,"href":"https:\/\/scadra-group.fr\/en\/wp-json\/wp\/v2\/comments?post=304"}],"version-history":[{"count":5,"href":"https:\/\/scadra-group.fr\/en\/wp-json\/wp\/v2\/pages\/304\/revisions"}],"predecessor-version":[{"id":1175,"href":"https:\/\/scadra-group.fr\/en\/wp-json\/wp\/v2\/pages\/304\/revisions\/1175"}],"wp:featuredmedia":[{"embeddable":true,"href":"https:\/\/scadra-group.fr\/en\/wp-json\/wp\/v2\/media\/316"}],"wp:attachment":[{"href":"https:\/\/scadra-group.fr\/en\/wp-json\/wp\/v2\/media?parent=304"}],"curies":[{"name":"wp","href":"https:\/\/api.w.org\/{rel}","templated":true}]}}